{"id":3307,"date":"2025-10-13T01:08:04","date_gmt":"2025-10-13T01:08:04","guid":{"rendered":"https:\/\/gyrolegal.co\/?page_id=3307"},"modified":"2025-11-10T13:43:30","modified_gmt":"2025-11-10T13:43:30","slug":"gyro-legal-kits","status":"publish","type":"page","link":"https:\/\/gyrolegal.co\/en\/gyro-legal-kits\/","title":{"rendered":"Gyro Legal Kits"},"content":{"rendered":"<div data-elementor-type=\"wp-page\" data-elementor-id=\"3307\" class=\"elementor elementor-3307\" data-elementor-post-type=\"page\">\n\t\t\t\t<div class=\"elementor-element elementor-element-847e628 section-bg-primary e-con-full e-flex e-con e-parent\" data-id=\"847e628\" data-element_type=\"container\" data-e-type=\"container\" data-settings=\"{&quot;background_background&quot;:&quot;classic&quot;}\">\n\t\t<div class=\"elementor-element elementor-element-a3a8c85 e-grid e-con-boxed e-con e-child\" data-id=\"a3a8c85\" data-element_type=\"container\" data-e-type=\"container\">\n\t\t\t\t\t<div class=\"e-con-inner\">\n\t\t\t\t<div class=\"elementor-element elementor-element-6fcd709 elementor-widget elementor-widget-image\" data-id=\"6fcd709\" data-element_type=\"widget\" data-e-type=\"widget\" data-widget_type=\"image.default\">\n\t\t\t\t\t\t\t\t\t\t\t\t\t\t\t<img fetchpriority=\"high\" decoding=\"async\" width=\"800\" height=\"706\" src=\"https:\/\/gyrolegal.co\/wp-content\/uploads\/2025\/11\/Gyro-legal-academia-1024x904.png\" class=\"attachment-large size-large wp-image-5323\" alt=\"Gyro-legal-academia\" srcset=\"https:\/\/gyrolegal.co\/wp-content\/uploads\/2025\/11\/Gyro-legal-academia-1024x904.png 1024w, https:\/\/gyrolegal.co\/wp-content\/uploads\/2025\/11\/Gyro-legal-academia-300x265.png 300w, https:\/\/gyrolegal.co\/wp-content\/uploads\/2025\/11\/Gyro-legal-academia-768x678.png 768w, https:\/\/gyrolegal.co\/wp-content\/uploads\/2025\/11\/Gyro-legal-academia-14x12.png 14w, https:\/\/gyrolegal.co\/wp-content\/uploads\/2025\/11\/Gyro-legal-academia.png 1133w\" sizes=\"(max-width: 800px) 100vw, 800px\" \/>\t\t\t\t\t\t\t\t\t\t\t\t\t\t\t<\/div>\n\t\t<div class=\"elementor-element elementor-element-1b5151a e-con-full e-flex e-con e-child\" data-id=\"1b5151a\" data-element_type=\"container\" data-e-type=\"container\">\n\t\t\t\t<div class=\"elementor-element elementor-element-62c36a2 mb_0 elementor-widget elementor-widget-text-editor\" data-id=\"62c36a2\" data-element_type=\"widget\" data-e-type=\"widget\" data-widget_type=\"text-editor.default\">\n\t\t\t\t\t\t\t\t\t<p>Gyro Legal Kits<\/p>\t\t\t\t\t\t\t\t<\/div>\n\t\t\t\t<\/div>\n\t\t\t\t\t<\/div>\n\t\t\t\t<\/div>\n\t\t\t\t<\/div>\n\t\t<div class=\"elementor-element elementor-element-365f66e e-con-full e-flex e-con e-parent\" data-id=\"365f66e\" data-element_type=\"container\" data-e-type=\"container\" data-settings=\"{&quot;background_background&quot;:&quot;classic&quot;}\">\n\t\t<div class=\"elementor-element elementor-element-67035d6 e-con-full e-flex e-con e-child\" data-id=\"67035d6\" data-element_type=\"container\" data-e-type=\"container\">\n\t\t<div class=\"elementor-element elementor-element-9bf04b9 e-con-full e-flex e-con e-child\" data-id=\"9bf04b9\" data-element_type=\"container\" data-e-type=\"container\">\n\t\t\t\t<div class=\"elementor-element elementor-element-3dd8e18 elementor-widget elementor-widget-heading\" data-id=\"3dd8e18\" data-element_type=\"widget\" data-e-type=\"widget\" data-widget_type=\"heading.default\">\n\t\t\t\t\t<h2 class=\"elementor-heading-title elementor-size-default\">Gyro Legal Kits - Communication Academy\n<\/h2>\t\t\t\t<\/div>\n\t\t\t\t<div class=\"elementor-element elementor-element-8900541 elementor-widget elementor-widget-heading\" data-id=\"8900541\" data-element_type=\"widget\" data-e-type=\"widget\" data-widget_type=\"heading.default\">\n\t\t\t\t\t<h2 class=\"elementor-heading-title elementor-size-default\">Training communicators with purpose<\/h2>\t\t\t\t<\/div>\n\t\t\t\t<div class=\"elementor-element elementor-element-7aeab7b elementor-absolute elementor-widget elementor-widget-image\" data-id=\"7aeab7b\" data-element_type=\"widget\" data-e-type=\"widget\" data-settings=\"{&quot;_position&quot;:&quot;absolute&quot;}\" data-widget_type=\"image.default\">\n\t\t\t\t\t\t\t\t\t\t\t\t\t\t\t<img decoding=\"async\" width=\"207\" height=\"181\" src=\"https:\/\/gyrolegal.co\/wp-content\/uploads\/2025\/10\/1019409_91894-OJ7BRO-178-2-e1761246728411.png\" class=\"attachment-large size-large wp-image-4609\" alt=\"\" srcset=\"https:\/\/gyrolegal.co\/wp-content\/uploads\/2025\/10\/1019409_91894-OJ7BRO-178-2-e1761246728411.png 207w, https:\/\/gyrolegal.co\/wp-content\/uploads\/2025\/10\/1019409_91894-OJ7BRO-178-2-e1761246728411-14x12.png 14w\" sizes=\"(max-width: 207px) 100vw, 207px\" \/>\t\t\t\t\t\t\t\t\t\t\t\t\t\t\t<\/div>\n\t\t\t\t<div class=\"elementor-element elementor-element-a2360bc elementor-widget elementor-widget-text-editor\" data-id=\"a2360bc\" data-element_type=\"widget\" data-e-type=\"widget\" data-widget_type=\"text-editor.default\">\n\t\t\t\t\t\t\t\t\t<p class=\"translation-block\">At <strong>Gyro Legal Kits<\/strong>, we believe that communication is a powerful tool for transforming lives. Our academy was created as an educational extension of <strong>Gyro Legal<\/strong>, with the goal of strengthening the communication, emotional, and social skills of children and young people, preparing them to lead with empathy, clarity, and purpose in any environment.<\/p>\t\t\t\t\t\t\t\t<\/div>\n\t\t\t\t<div class=\"elementor-element elementor-element-d7b6b56 elementor-widget elementor-widget-text-editor\" data-id=\"d7b6b56\" data-element_type=\"widget\" data-e-type=\"widget\" data-widget_type=\"text-editor.default\">\n\t\t\t\t\t\t\t\t\t<p class=\"translation-block\">We offer structured programs in <strong>public speaking, assertive communication, leadership, emotional intelligence, writing, and spelling<\/strong>, designed to boost personal confidence and critical thinking from an early age.<\/p>\t\t\t\t\t\t\t\t<\/div>\n\t\t\t\t<div class=\"elementor-element elementor-element-d97ef90 elementor-widget elementor-widget-text-editor\" data-id=\"d97ef90\" data-element_type=\"widget\" data-e-type=\"widget\" data-widget_type=\"text-editor.default\">\n\t\t\t\t\t\t\t\t\t<p>Our methodology combines practical learning, close support, and ethical values, creating meaningful experiences that inspire each participant to discover their voice and use it responsibly.<\/p>\t\t\t\t\t\t\t\t<\/div>\n\t\t\t\t<div class=\"elementor-element elementor-element-2a8f32e elementor-widget elementor-widget-text-editor\" data-id=\"2a8f32e\" data-element_type=\"widget\" data-e-type=\"widget\" data-widget_type=\"text-editor.default\">\n\t\t\t\t\t\t\t\t\t<p><strong>Gyro Legal Kits<\/strong> It also promotes alliances with educational institutions, public and private entities, to bring this training to more communities, contributing to comprehensive development and the strengthening of communication education.<\/p>\t\t\t\t\t\t\t\t<\/div>\n\t\t\t\t<div class=\"elementor-element elementor-element-0c60266 elementor-widget elementor-widget-text-editor\" data-id=\"0c60266\" data-element_type=\"widget\" data-e-type=\"widget\" data-widget_type=\"text-editor.default\">\n\t\t\t\t\t\t\t\t\t<p class=\"translation-block\">Because communicating well not only opens doors... it also builds bridges.<br><strong>Gyro Legal Kits \u2013 Training communicators with a purpose.<\/strong><\/p>\t\t\t\t\t\t\t\t<\/div>\n\t\t\t\t<div class=\"elementor-element elementor-element-c3ee7d6 elementor-widget elementor-widget-heading\" data-id=\"c3ee7d6\" data-element_type=\"widget\" data-e-type=\"widget\" data-widget_type=\"heading.default\">\n\t\t\t\t\t<h2 class=\"elementor-heading-title elementor-size-default\">General Proposal\n<\/h2>\t\t\t\t<\/div>\n\t\t\t\t<div class=\"elementor-element elementor-element-ad71bc4 elementor-widget elementor-widget-text-editor\" data-id=\"ad71bc4\" data-element_type=\"widget\" data-e-type=\"widget\" data-widget_type=\"text-editor.default\">\n\t\t\t\t\t\t\t\t\t<p><strong>Gyro Legal Kits<\/strong> is an academy created to enhance communication, emotional, and leadership skills in children and young people. Its purpose is to develop a new generation of purposeful communicators: confident, empathetic, and capable of expressing themselves clearly and respectfully.<\/p>\t\t\t\t\t\t\t\t<\/div>\n\t\t\t\t<div class=\"elementor-element elementor-element-46110eb elementor-widget elementor-widget-text-editor\" data-id=\"46110eb\" data-element_type=\"widget\" data-e-type=\"widget\" data-widget_type=\"text-editor.default\">\n\t\t\t\t\t\t\t\t\t<p>The courses are organized into progressive levels, allowing you to progress from personal confidence to conscious leadership.<\/p>\t\t\t\t\t\t\t\t<\/div>\n\t\t<div class=\"elementor-element elementor-element-e3c7b21 e-con-full e-grid e-con e-child\" data-id=\"e3c7b21\" data-element_type=\"container\" data-e-type=\"container\">\n\t\t<div class=\"elementor-element elementor-element-0d174df e-con-full e-flex e-con e-child\" data-id=\"0d174df\" data-element_type=\"container\" data-e-type=\"container\">\n\t\t<div class=\"elementor-element elementor-element-43d0635 e-con-full e-flex e-con e-child\" data-id=\"43d0635\" data-element_type=\"container\" data-e-type=\"container\" data-settings=\"{&quot;background_background&quot;:&quot;classic&quot;}\">\n\t\t\t\t<div class=\"elementor-element elementor-element-cd9a34f mb_0 elementor-widget elementor-widget-text-editor\" data-id=\"cd9a34f\" data-element_type=\"widget\" data-e-type=\"widget\" data-widget_type=\"text-editor.default\">\n\t\t\t\t\t\t\t\t\t<p>\ud83c\udf31Level 1: SEED<\/p>\t\t\t\t\t\t\t\t<\/div>\n\t\t\t\t<\/div>\n\t\t<div class=\"elementor-element elementor-element-aeb6ff4 e-con-full e-flex e-con e-child\" data-id=\"aeb6ff4\" data-element_type=\"container\" data-e-type=\"container\" data-settings=\"{&quot;background_background&quot;:&quot;classic&quot;}\">\n\t\t\t\t<div class=\"elementor-element elementor-element-9217ad8 elementor-widget__width-initial elementor-hidden-desktop elementor-hidden-tablet elementor-hidden-mobile elementor-widget elementor-widget-html\" data-id=\"9217ad8\" data-element_type=\"widget\" data-e-type=\"widget\" data-widget_type=\"html.default\">\n\t\t\t\t\t<!--<div attr-aside=\"aside-1\"><\/div>--!>\t\t\t\t<\/div>\n\t\t\t\t<div class=\"elementor-element elementor-element-4fbd68b elementor-widget elementor-widget-text-editor\" data-id=\"4fbd68b\" data-element_type=\"widget\" data-e-type=\"widget\" data-widget_type=\"text-editor.default\">\n\t\t\t\t\t\t\t\t\t<p><strong>Ages: <\/strong>6 to 9 years old<br \/><strong>Duration:<\/strong>\u00a0 8 semanas (1 sesi\u00f3n semanal de 90 minutos)<br \/><strong>Mode:<\/strong> Presencial personalizada o grupos peque\u00f1os<\/p>\t\t\t\t\t\t\t\t<\/div>\n\t\t\t\t<div class=\"elementor-element elementor-element-3b1d1c6 mb_0 elementor-widget elementor-widget-text-editor\" data-id=\"3b1d1c6\" data-element_type=\"widget\" data-e-type=\"widget\" data-widget_type=\"text-editor.default\">\n\t\t\t\t\t\t\t\t\t<p><em><strong>\u2733\ufe0fObjective:<\/strong><\/em><\/p>\t\t\t\t\t\t\t\t<\/div>\n\t\t\t\t<div class=\"elementor-element elementor-element-29bcd07 elementor-widget elementor-widget-text-editor\" data-id=\"29bcd07\" data-element_type=\"widget\" data-e-type=\"widget\" data-widget_type=\"text-editor.default\">\n\t\t\t\t\t\t\t\t\t<p>Develop confidence, empathy, and oral expression through play, creativity, and emotion.<\/p>\t\t\t\t\t\t\t\t<\/div>\n\t\t\t\t<div class=\"elementor-element elementor-element-a0ad2e5 mb_0 elementor-widget elementor-widget-text-editor\" data-id=\"a0ad2e5\" data-element_type=\"widget\" data-e-type=\"widget\" data-widget_type=\"text-editor.default\">\n\t\t\t\t\t\t\t\t\t<p>\ud83d\udd25<em><strong>Contents:<\/strong><\/em><\/p>\t\t\t\t\t\t\t\t<\/div>\n\t\t\t\t<div class=\"elementor-element elementor-element-ecf69f3 elementor-widget elementor-widget-text-editor\" data-id=\"ecf69f3\" data-element_type=\"widget\" data-e-type=\"widget\" data-widget_type=\"text-editor.default\">\n\t\t\t\t\t\t\t\t\t<ul><li>I express myself with confidence and respect.<\/li><li>Communication and body expression games.<\/li><li>Listen to understand.<\/li><li>Emotions and words: how to say what I feel.<\/li><li>Mini presentations with stories created by the children<\/li><\/ul>\t\t\t\t\t\t\t\t<\/div>\n\t\t\t\t<div class=\"elementor-element elementor-element-5081486 mb_0 elementor-widget elementor-widget-text-editor\" data-id=\"5081486\" data-element_type=\"widget\" data-e-type=\"widget\" data-widget_type=\"text-editor.default\">\n\t\t\t\t\t\t\t\t\t<em><strong>\ud83d\udcac Added value:<\/strong><\/em>\t\t\t\t\t\t\t\t<\/div>\n\t\t\t\t<div class=\"elementor-element elementor-element-e4cb96b elementor-widget elementor-widget-text-editor\" data-id=\"e4cb96b\" data-element_type=\"widget\" data-e-type=\"widget\" data-widget_type=\"text-editor.default\">\n\t\t\t\t\t\t\t\t\t<p>Entrega de <strong>Certificado de Comunicaci\u00f3n Inicial<\/strong> y retroalimentaci\u00f3n personalizada para cada participante.<\/p>\t\t\t\t\t\t\t\t<\/div>\n\t\t\t\t<\/div>\n\t\t\t\t<\/div>\n\t\t<div class=\"elementor-element elementor-element-c5539ec e-con-full e-flex e-con e-child\" data-id=\"c5539ec\" data-element_type=\"container\" data-e-type=\"container\">\n\t\t<div class=\"elementor-element elementor-element-bf8d1ea e-con-full e-flex e-con e-child\" data-id=\"bf8d1ea\" data-element_type=\"container\" data-e-type=\"container\" data-settings=\"{&quot;background_background&quot;:&quot;classic&quot;}\">\n\t\t\t\t<div class=\"elementor-element elementor-element-0945eee mb_0 elementor-widget elementor-widget-text-editor\" data-id=\"0945eee\" data-element_type=\"widget\" data-e-type=\"widget\" data-widget_type=\"text-editor.default\">\n\t\t\t\t\t\t\t\t\t<p>\ud83e\udeb4Level 2: GROWTH<\/p>\t\t\t\t\t\t\t\t<\/div>\n\t\t\t\t<\/div>\n\t\t<div class=\"elementor-element elementor-element-d02074c e-con-full e-flex e-con e-child\" data-id=\"d02074c\" data-element_type=\"container\" data-e-type=\"container\" data-settings=\"{&quot;background_background&quot;:&quot;classic&quot;}\">\n\t\t\t\t<div class=\"elementor-element elementor-element-563b1f1 elementor-widget__width-initial elementor-hidden-desktop elementor-hidden-tablet elementor-hidden-mobile elementor-widget elementor-widget-html\" data-id=\"563b1f1\" data-element_type=\"widget\" data-e-type=\"widget\" data-widget_type=\"html.default\">\n\t\t\t\t\t<!--<div attr-aside=\"aside-1\"><\/div>--!>\t\t\t\t<\/div>\n\t\t\t\t<div class=\"elementor-element elementor-element-afe265a elementor-widget elementor-widget-text-editor\" data-id=\"afe265a\" data-element_type=\"widget\" data-e-type=\"widget\" data-widget_type=\"text-editor.default\">\n\t\t\t\t\t\t\t\t\t<p><strong>Ages: <\/strong>10 to 13 years old<br \/><strong>Duration:<\/strong> 10 weeks (1 weekly session of 90 minutes)<br \/><strong>Mode:<\/strong> In person or virtually<\/p>\t\t\t\t\t\t\t\t<\/div>\n\t\t\t\t<div class=\"elementor-element elementor-element-fc92b4b mb_0 elementor-widget elementor-widget-text-editor\" data-id=\"fc92b4b\" data-element_type=\"widget\" data-e-type=\"widget\" data-widget_type=\"text-editor.default\">\n\t\t\t\t\t\t\t\t\t<p><em><strong>\u2733\ufe0fObjective:<\/strong><\/em><\/p>\t\t\t\t\t\t\t\t<\/div>\n\t\t\t\t<div class=\"elementor-element elementor-element-bb5c39d elementor-widget elementor-widget-text-editor\" data-id=\"bb5c39d\" data-element_type=\"widget\" data-e-type=\"widget\" data-widget_type=\"text-editor.default\">\n\t\t\t\t\t\t\t\t\tStrengthen assertive communication, writing skills, and emotional intelligence to improve relationships and academic performance.\n\t\t\t\t\t\t\t\t<\/div>\n\t\t\t\t<div class=\"elementor-element elementor-element-9177b7a mb_0 elementor-widget elementor-widget-text-editor\" data-id=\"9177b7a\" data-element_type=\"widget\" data-e-type=\"widget\" data-widget_type=\"text-editor.default\">\n\t\t\t\t\t\t\t\t\t<p>\ud83d\udd25<em><strong>Contents:<\/strong><\/em><\/p>\t\t\t\t\t\t\t\t<\/div>\n\t\t\t\t<div class=\"elementor-element elementor-element-42caa6d elementor-widget elementor-widget-text-editor\" data-id=\"42caa6d\" data-element_type=\"widget\" data-e-type=\"widget\" data-widget_type=\"text-editor.default\">\n\t\t\t\t\t\t\t\t\t<ul><li>Basic public speaking techniques.<\/li><li>Assertive communication and positive thinking.<\/li><li>Emotional intelligence applied to dialogue.<\/li><li>Practical writing and spelling.<\/li><li>Oral presentations with storytelling.<\/li><\/ul>\t\t\t\t\t\t\t\t<\/div>\n\t\t\t\t<div class=\"elementor-element elementor-element-f96f645 mb_0 elementor-widget elementor-widget-text-editor\" data-id=\"f96f645\" data-element_type=\"widget\" data-e-type=\"widget\" data-widget_type=\"text-editor.default\">\n\t\t\t\t\t\t\t\t\t<em><strong>\ud83d\udcac Added value:<\/strong><\/em>\t\t\t\t\t\t\t\t<\/div>\n\t\t\t\t<div class=\"elementor-element elementor-element-e9f288a elementor-widget elementor-widget-text-editor\" data-id=\"e9f288a\" data-element_type=\"widget\" data-e-type=\"widget\" data-widget_type=\"text-editor.default\">\n\t\t\t\t\t\t\t\t\t<p>Evaluaci\u00f3n final tipo \u00abpresentaci\u00f3n real\u00bb y entrega de <strong>Certificado en Comunicaci\u00f3n y Liderazgo B\u00e1sico.<\/strong><\/p>\t\t\t\t\t\t\t\t<\/div>\n\t\t\t\t<\/div>\n\t\t\t\t<\/div>\n\t\t<div class=\"elementor-element elementor-element-a21317f e-con-full e-flex e-con e-child\" data-id=\"a21317f\" data-element_type=\"container\" data-e-type=\"container\">\n\t\t<div class=\"elementor-element elementor-element-9a465a8 e-con-full e-flex e-con e-child\" data-id=\"9a465a8\" data-element_type=\"container\" data-e-type=\"container\" data-settings=\"{&quot;background_background&quot;:&quot;classic&quot;}\">\n\t\t\t\t<div class=\"elementor-element elementor-element-5c5510c mb_0 elementor-widget elementor-widget-text-editor\" data-id=\"5c5510c\" data-element_type=\"widget\" data-e-type=\"widget\" data-widget_type=\"text-editor.default\">\n\t\t\t\t\t\t\t\t\t<p>\ud83e\udeb7Level 3: LEADERSHIP<\/p>\t\t\t\t\t\t\t\t<\/div>\n\t\t\t\t<\/div>\n\t\t<div class=\"elementor-element elementor-element-0650a38 e-con-full e-flex e-con e-child\" data-id=\"0650a38\" data-element_type=\"container\" data-e-type=\"container\" data-settings=\"{&quot;background_background&quot;:&quot;classic&quot;}\">\n\t\t\t\t<div class=\"elementor-element elementor-element-8ffb53a elementor-widget__width-initial elementor-hidden-desktop elementor-hidden-tablet elementor-hidden-mobile elementor-widget elementor-widget-html\" data-id=\"8ffb53a\" data-element_type=\"widget\" data-e-type=\"widget\" data-widget_type=\"html.default\">\n\t\t\t\t\t<!--<div attr-aside=\"aside-1\"><\/div>--!>\t\t\t\t<\/div>\n\t\t\t\t<div class=\"elementor-element elementor-element-eb15eec elementor-widget elementor-widget-text-editor\" data-id=\"eb15eec\" data-element_type=\"widget\" data-e-type=\"widget\" data-widget_type=\"text-editor.default\">\n\t\t\t\t\t\t\t\t\t<p><strong>Ages:<\/strong>14 to 17 years old<br \/><strong>Duration:<\/strong> 12 weeks (2 weekly sessions of 90 minutes)<br \/><strong>Mode:<\/strong> In-person or hybrid<\/p>\t\t\t\t\t\t\t\t<\/div>\n\t\t\t\t<div class=\"elementor-element elementor-element-8541edc mb_0 elementor-widget elementor-widget-text-editor\" data-id=\"8541edc\" data-element_type=\"widget\" data-e-type=\"widget\" data-widget_type=\"text-editor.default\">\n\t\t\t\t\t\t\t\t\t<p><em><strong>\u2733\ufe0fObjective:<\/strong><\/em><\/p>\t\t\t\t\t\t\t\t<\/div>\n\t\t\t\t<div class=\"elementor-element elementor-element-65ebb21 elementor-widget elementor-widget-text-editor\" data-id=\"65ebb21\" data-element_type=\"widget\" data-e-type=\"widget\" data-widget_type=\"text-editor.default\">\n\t\t\t\t\t\t\t\t\tDevelop young leaders capable of inspiring, debating, and communicating with purpose and responsibility.\n\t\t\t\t\t\t\t\t<\/div>\n\t\t\t\t<div class=\"elementor-element elementor-element-79439b3 mb_0 elementor-widget elementor-widget-text-editor\" data-id=\"79439b3\" data-element_type=\"widget\" data-e-type=\"widget\" data-widget_type=\"text-editor.default\">\n\t\t\t\t\t\t\t\t\t<p>\ud83d\udd25<em><strong>Contents:<\/strong><\/em><\/p>\t\t\t\t\t\t\t\t<\/div>\n\t\t\t\t<div class=\"elementor-element elementor-element-8b9f60d elementor-widget elementor-widget-text-editor\" data-id=\"8b9f60d\" data-element_type=\"widget\" data-e-type=\"widget\" data-widget_type=\"text-editor.default\">\n\t\t\t\t\t\t\t\t\t<ul><li>Advanced Public Speaking: Voice, Body Language, and Persuasion<\/li><li>Leadership with purpose and positive impact.<\/li><li>Constructive debate and ethical argumentation.<\/li><li>Persuasive writing and professional communication.<\/li><li>Final project: \"My voice transforms.\"<\/li><\/ul>\t\t\t\t\t\t\t\t<\/div>\n\t\t\t\t<div class=\"elementor-element elementor-element-311c204 mb_0 elementor-widget elementor-widget-text-editor\" data-id=\"311c204\" data-element_type=\"widget\" data-e-type=\"widget\" data-widget_type=\"text-editor.default\">\n\t\t\t\t\t\t\t\t\t<em><strong>\ud83d\udcac Added value:<\/strong><\/em>\t\t\t\t\t\t\t\t<\/div>\n\t\t\t\t<div class=\"elementor-element elementor-element-f55dec9 elementor-widget elementor-widget-text-editor\" data-id=\"f55dec9\" data-element_type=\"widget\" data-e-type=\"widget\" data-widget_type=\"text-editor.default\">\n\t\t\t\t\t\t\t\t\t<p>Entrega de <strong>Certificado en Comunicaci\u00f3n con Prop\u00f3sito<\/strong>, con presentaci\u00f3n final ante p\u00fablico invitado.<\/p>\t\t\t\t\t\t\t\t<\/div>\n\t\t\t\t<\/div>\n\t\t\t\t<\/div>\n\t\t<div class=\"elementor-element elementor-element-1bcf6b8 e-con-full e-flex e-con e-child\" data-id=\"1bcf6b8\" data-element_type=\"container\" data-e-type=\"container\">\n\t\t\t\t<div class=\"elementor-element elementor-element-9d9fb27 mb_0 elementor-widget elementor-widget-text-editor\" data-id=\"9d9fb27\" data-element_type=\"widget\" data-e-type=\"widget\" data-widget_type=\"text-editor.default\">\n\t\t\t\t\t\t\t\t\t<p>\ud83c\udf1fModality and Advantages<\/p>\t\t\t\t\t\t\t\t<\/div>\n\t\t\t\t<div class=\"elementor-element elementor-element-6cd9c9a elementor-widget elementor-widget-text-editor\" data-id=\"6cd9c9a\" data-element_type=\"widget\" data-e-type=\"widget\" data-widget_type=\"text-editor.default\">\n\t\t\t\t\t\t\t\t\t<ul><li><strong>Personalized or group classes (max. 10 participants).<\/strong><\/li><li><strong>Support material designed by Gyro Legal Kits.<\/strong><\/li><li><strong>Progress evaluation and personalized support.<\/strong><\/li><li><strong>Option of classes at home or in cultural spaces.<\/strong><\/li><\/ul>\t\t\t\t\t\t\t\t<\/div>\n\t\t\t\t<\/div>\n\t\t\t\t<\/div>\n\t\t\t\t<\/div>\n\t\t\t\t<div class=\"elementor-element elementor-element-aa24397 elementor-align-center elementor-widget elementor-widget-button\" data-id=\"aa24397\" data-element_type=\"widget\" data-e-type=\"widget\" data-widget_type=\"button.default\">\n\t\t\t\t\t\t\t\t\t\t<a class=\"elementor-button elementor-button-link elementor-size-sm\" href=\"https:\/\/gyrolegal.co\/en\/quillforms\/contacto\/\" target=\"_blank\">\n\t\t\t\t\t\t<span class=\"elementor-button-content-wrapper\">\n\t\t\t\t\t\t\t\t\t<span class=\"elementor-button-text\">Contact us<\/span>\n\t\t\t\t\t<\/span>\n\t\t\t\t\t<\/a>\n\t\t\t\t\t\t\t\t<\/div>\n\t\t\t\t<\/div>\n\t\t\t\t<\/div>\n\t\t\t\t<\/div>","protected":false},"excerpt":{"rendered":"<p>Gyro Legal Kits Gyro Legal Kits &#8211; Academia de Comunicaci\u00f3n Formando comunicadores con prop\u00f3sito En Gyro Legal Kits, creemos que la comunicaci\u00f3n es una herramienta poderosa para transformar vidas. Nuestra academia nace como una extensi\u00f3n educativa de Gyro Legal, con el prop\u00f3sito de fortalecer las habilidades comunicativas, emocionales y sociales de ni\u00f1os y j\u00f3venes, prepar\u00e1ndolos [&hellip;]<\/p>\n","protected":false},"author":2,"featured_media":0,"parent":0,"menu_order":0,"comment_status":"closed","ping_status":"closed","template":"","meta":{"inline_featured_image":false,"_joinchat":[],"footnotes":""},"class_list":["post-3307","page","type-page","status-publish","hentry"],"_links":{"self":[{"href":"https:\/\/gyrolegal.co\/en\/wp-json\/wp\/v2\/pages\/3307","targetHints":{"allow":["GET"]}}],"collection":[{"href":"https:\/\/gyrolegal.co\/en\/wp-json\/wp\/v2\/pages"}],"about":[{"href":"https:\/\/gyrolegal.co\/en\/wp-json\/wp\/v2\/types\/page"}],"author":[{"embeddable":true,"href":"https:\/\/gyrolegal.co\/en\/wp-json\/wp\/v2\/users\/2"}],"replies":[{"embeddable":true,"href":"https:\/\/gyrolegal.co\/en\/wp-json\/wp\/v2\/comments?post=3307"}],"version-history":[{"count":50,"href":"https:\/\/gyrolegal.co\/en\/wp-json\/wp\/v2\/pages\/3307\/revisions"}],"predecessor-version":[{"id":5326,"href":"https:\/\/gyrolegal.co\/en\/wp-json\/wp\/v2\/pages\/3307\/revisions\/5326"}],"wp:attachment":[{"href":"https:\/\/gyrolegal.co\/en\/wp-json\/wp\/v2\/media?parent=3307"}],"curies":[{"name":"wp","href":"https:\/\/api.w.org\/{rel}","templated":true}]}}